{"id":106,"date":"2026-03-10T22:08:35","date_gmt":"2026-03-10T21:08:35","guid":{"rendered":"https:\/\/serwer2692059.home.pl\/autoinstalator\/wordpressplugins\/?page_id=106"},"modified":"2026-03-18T12:30:41","modified_gmt":"2026-03-18T11:30:41","slug":"o-nas","status":"publish","type":"page","link":"https:\/\/mlynik.com.pl\/?page_id=106","title":{"rendered":"O nas"},"content":{"rendered":"\n<div class=\"wp-block-columns is-layout-flex wp-container-core-columns-is-layout-28f84493 wp-block-columns-is-layout-flex\">\n<div class=\"wp-block-column is-layout-flow wp-block-column-is-layout-flow\">\n<div class=\"wp-block-media-text is-stacked-on-mobile\"><figure class=\"wp-block-media-text__media\"><img fetchpriority=\"high\" decoding=\"async\" width=\"1024\" height=\"768\" src=\"http:\/\/serwer2692059.home.pl\/autoinstalator\/wordpressplugins\/wp-content\/uploads\/2026\/03\/IMG_0022-1024x768.jpg\" alt=\"\" class=\"wp-image-104 size-full\" srcset=\"https:\/\/mlynik.com.pl\/wp-content\/uploads\/2026\/03\/IMG_0022-1024x768.jpg 1024w, https:\/\/mlynik.com.pl\/wp-content\/uploads\/2026\/03\/IMG_0022-300x225.jpg 300w, https:\/\/mlynik.com.pl\/wp-content\/uploads\/2026\/03\/IMG_0022-768x576.jpg 768w, https:\/\/mlynik.com.pl\/wp-content\/uploads\/2026\/03\/IMG_0022-1536x1152.jpg 1536w, https:\/\/mlynik.com.pl\/wp-content\/uploads\/2026\/03\/IMG_0022-2048x1536.jpg 2048w\" sizes=\"(max-width: 1024px) 100vw, 1024px\" \/><\/figure><div class=\"wp-block-media-text__content\">\n<p class=\"has-text-align-center\"><strong>\u2212= O\u015brodek Wypoczynkowy w M\u0142yniku &#8211; H. Dzieli\u0144ska =\u2212<\/strong><\/p>\n\n\n\n<p class=\"has-text-align-center\"><strong>\u2212= 11-731 Sorkwity &#8211; M\u0142ynik 8 =\u2212<\/strong><\/p>\n\n\n\n<p class=\"has-text-align-center\"><strong>tel. : +48 602 462\u00a0412, +48 604 622\u00a0112<\/strong><\/p>\n\n\n\n<p class=\"has-text-align-center\"><\/p>\n\n\n\n<p><\/p>\n\n\n\n<p class=\"has-text-align-center\"><em>Nasz o\u015brodek po\u0142o\u017cony jest po\u015br\u00f3d g\u0119stych i rozleg\u0142ych las\u00f3w, nad jeziorem Giel\u0105dzkim w miejscowo\u015bci M\u0142ynik, 3 km od Sorkwit, oko\u0142o 12 km od Mr\u0105gowa. St\u0105d rozpoczyna si\u0119 jeden z najpi\u0119kniejszych szlak\u00f3w wodnych w Europie \u2013 szlak rzeki Krutyni.<\/em><\/p>\n<\/div><\/div>\n<\/div>\n<\/div>\n\n\n\n<div class=\"wp-block-media-text has-media-on-the-right is-stacked-on-mobile\"><div class=\"wp-block-media-text__content\">\n<p class=\"has-text-align-center\"><em>Na terenie o\u015brodka o powierzchni przesz\u0142o 2 ha znajduje si\u0119 mi\u0119dzy innymi pensjonat z sto\u0142\u00f3wk\u0105, \u015bwietlic\u0105 i pokojami&nbsp; 3 \u2013 5 osobowymi z \u0142azienkami,&nbsp; 15 domk\u00f3w kempingowych z pe\u0142nym w\u0119z\u0142em sanitarnym, zadaszony amfiteatr, strzelnica, boisko do siatk\u00f3wki pla\u017cowej i boisko do pi\u0142ki no\u017cnej oraz prywatna piaszczysta pla\u017ca z \u0142agodnym zej\u015bciem do jeziora. Wyznaczone, bezpieczne miejsce na ognisko i grilla gwarantuje sp\u0119dzenie mi\u0142ych, pe\u0142nych zabaw wieczor\u00f3w na \u015bwie\u017cym powietrzu. \u015awietlica wyposa\u017cona w gry multimedialne oraz sprz\u0119t nag\u0142o\u015bnieniowy to kolejna atrakcja sp\u0119dzania wolnego czasu \u2013 organizacja turniej\u00f3w gier oraz dyskotek.<\/em><\/p>\n\n\n\n<p class=\"has-text-align-center\"><em><em>Popo\u0142udniami lub w pochmurne dni mo\u017cna wybra\u0107 si\u0119 na wycieczki i zwiedzi\u0107 po\u0142o\u017con\u0105 w pobli\u017cu Gier\u0142o\u017c &#8211; by\u0142\u0105 wojenn\u0105 kwater\u0119 g\u0142\u00f3wn\u0105 Adolfa Hitlera &#8222;Wilczy Szaniec&#8221; oraz \u015awi\u0119t\u0105 Lipk\u0119 &#8211; Sanktuarium Maryjne nale\u017c\u0105ce do najcenniejszych obiekt\u00f3w architektury barokowej w p\u0142. &#8211; wsch. Polsce. Mo\u017cna r\u00f3wnie\u017c pojecha\u0107 do Miko\u0142ajek organizuj\u0105c sobie rejs statkiem po \u015aniardwach.&nbsp;<\/em><\/em><\/p>\n<\/div><figure class=\"wp-block-media-text__media\"><img decoding=\"async\" width=\"500\" height=\"375\" src=\"http:\/\/serwer2692059.home.pl\/autoinstalator\/wordpressplugins\/wp-content\/uploads\/2026\/03\/mly6.jpg\" alt=\"\" class=\"wp-image-69 size-full\" srcset=\"https:\/\/mlynik.com.pl\/wp-content\/uploads\/2026\/03\/mly6.jpg 500w, https:\/\/mlynik.com.pl\/wp-content\/uploads\/2026\/03\/mly6-300x225.jpg 300w\" sizes=\"(max-width: 500px) 100vw, 500px\" \/><\/figure><\/div>\n\n\n\n<div class=\"wp-block-media-text is-stacked-on-mobile\"><figure class=\"wp-block-media-text__media\"><img decoding=\"async\" width=\"1024\" height=\"768\" src=\"https:\/\/serwer2692059.home.pl\/autoinstalator\/wordpressplugins\/wp-content\/uploads\/2026\/03\/IMG_0107-1024x768.jpg\" alt=\"\" class=\"wp-image-113 size-full\" srcset=\"https:\/\/mlynik.com.pl\/wp-content\/uploads\/2026\/03\/IMG_0107-1024x768.jpg 1024w, https:\/\/mlynik.com.pl\/wp-content\/uploads\/2026\/03\/IMG_0107-300x225.jpg 300w, https:\/\/mlynik.com.pl\/wp-content\/uploads\/2026\/03\/IMG_0107-768x576.jpg 768w, https:\/\/mlynik.com.pl\/wp-content\/uploads\/2026\/03\/IMG_0107-1536x1152.jpg 1536w, https:\/\/mlynik.com.pl\/wp-content\/uploads\/2026\/03\/IMG_0107-2048x1536.jpg 2048w\" sizes=\"(max-width: 1024px) 100vw, 1024px\" \/><\/figure><div class=\"wp-block-media-text__content\">\n<p><em><em>W po\u0142o\u017conym w otoczeniu jezior, las\u00f3w, \u0142\u0105k i p\u00f3l O\u015brodku Wypoczynkowym \u201eM\u0142ynik\u201d znajdziecie cisz\u0119 i spok\u00f3j, a nasz \u015bwietnie przygotowany personel zapewni Pa\u0144stwu idealne warunki do aktywnego i bezpiecznego wypoczynku.<br><br>Dzia\u0142amy w bran\u017cy turystycznej ju\u017c od kilkunastu lat. W naszym o\u015brodku go\u015bci\u0142o \u0142\u0105cznie ju\u017c kilkana\u015bcie tysi\u0119cy os\u00f3b. Turystom oferujemy szerok\u0105 ofert\u0119 wypoczynku, kt\u00f3r\u0105 stale powi\u0119kszamy.<br><br>Dbamy o to, by ka\u017cdy, kto odwiedzi nasz o\u015brodek wyje\u017cd\u017ca\u0142 st\u0105d wypocz\u0119ty i szcz\u0119\u015bliwy.<br><br>Do dyspozycji naszych go\u015bci oddajemy wspania\u0142e atrakcje s\u0142u\u017c\u0105ce aktywnemu wypoczynkowi.<br><br>Na terenie o\u015brodka znajd\u0105 Pa\u0144stwo mi\u0119dzy innymi: piaszczyst\u0105 pla\u017c\u0119, <strong>boiska do pi\u0142ki no\u017cnej i siatk\u00f3wki<\/strong>, plac zabaw dla najm\u0142odszych, tras\u0119 quadow\u0105, strzelnic\u0119 oraz teren do paintballa.<\/em><\/em><\/p>\n<\/div><\/div>\n\n\n\n<div class=\"wp-block-media-text has-media-on-the-right is-stacked-on-mobile\"><div class=\"wp-block-media-text__content\">\n<p class=\"has-text-align-center\"><em>Wybudowali\u015bmy tak\u017ce specjalny zadaszony amfiteatr, kt\u00f3ry z powodzeniem s\u0142u\u017cy wypoczywaj\u0105cym u nas grupom i m\u0142odzie\u017cowym koloniom. <em>Bar Piekie\u0142ko, z kominkiem, dyskoteki, karaoke i moc dobrej zabawy!<\/em><br>Nasz o\u015brodek jest w pe\u0142ni przystosowany do organizacji zielonych szk\u00f3\u0142 i oboz\u00f3w dla m\u0142odzie\u017cy i doros\u0142ych.<br>Obs\u0142ugujemy grupy zorganizowane, kt\u00f3rym jeste\u015bmy w stanie zaoferowa\u0107 atrakcyjny program pobytu w naszym o\u015brodku.<br>Wielkim plusem naszego o\u015brodka jest jego po\u0142o\u017cenie, tu\u017c przy szlaku kajakowym rzeki Krutynia<\/em>.<em> Dzi\u0119ki temu teren naszego o\u015brodka jest doskona\u0142ym miejscem do wyruszenia na ten pi\u0119kny mazurski szlak.<br>A po ca\u0142odziennym aktywnym wypoczynku zapraszamy wszystkich na doskona\u0142\u0105 kuchni\u0119 w naszej restauracji.<br><\/em><\/p>\n<\/div><figure class=\"wp-block-media-text__media\"><img loading=\"lazy\" decoding=\"async\" width=\"1024\" height=\"575\" src=\"https:\/\/serwer2692059.home.pl\/autoinstalator\/wordpressplugins\/wp-content\/uploads\/2026\/03\/IMG_1175-1024x575.jpg\" alt=\"\" class=\"wp-image-114 size-full\" srcset=\"https:\/\/mlynik.com.pl\/wp-content\/uploads\/2026\/03\/IMG_1175-1024x575.jpg 1024w, https:\/\/mlynik.com.pl\/wp-content\/uploads\/2026\/03\/IMG_1175-300x169.jpg 300w, https:\/\/mlynik.com.pl\/wp-content\/uploads\/2026\/03\/IMG_1175-768x432.jpg 768w, https:\/\/mlynik.com.pl\/wp-content\/uploads\/2026\/03\/IMG_1175-1536x863.jpg 1536w, https:\/\/mlynik.com.pl\/wp-content\/uploads\/2026\/03\/IMG_1175-2048x1151.jpg 2048w\" sizes=\"(max-width: 1024px) 100vw, 1024px\" \/><\/figure><\/div>\n\n\n\n<div class=\"wp-block-media-text is-stacked-on-mobile\"><figure class=\"wp-block-media-text__media\"><img loading=\"lazy\" decoding=\"async\" width=\"1024\" height=\"768\" src=\"https:\/\/mlynik.com.pl\/wp-content\/uploads\/2026\/03\/IMG-20260308-WA0000-1-1024x768.jpg\" alt=\"\" class=\"wp-image-133 size-full\" srcset=\"https:\/\/mlynik.com.pl\/wp-content\/uploads\/2026\/03\/IMG-20260308-WA0000-1-1024x768.jpg 1024w, https:\/\/mlynik.com.pl\/wp-content\/uploads\/2026\/03\/IMG-20260308-WA0000-1-300x225.jpg 300w, https:\/\/mlynik.com.pl\/wp-content\/uploads\/2026\/03\/IMG-20260308-WA0000-1-768x576.jpg 768w, https:\/\/mlynik.com.pl\/wp-content\/uploads\/2026\/03\/IMG-20260308-WA0000-1-1536x1152.jpg 1536w, https:\/\/mlynik.com.pl\/wp-content\/uploads\/2026\/03\/IMG-20260308-WA0000-1.jpg 1600w\" sizes=\"(max-width: 1024px) 100vw, 1024px\" \/><\/figure><div class=\"wp-block-media-text__content\">\n<p class=\"has-text-align-center\"><em>W naszym o\u015brodku mog\u0105 Pa\u0144stwo wypocz\u0105\u0107 korzystaj\u0105c z pe\u0142ni wyposa\u017conych pokoj\u00f3w w pensjonacie przystosowanych dla dw\u00f3ch, trzech, czterech lub pi\u0119ciu os\u00f3b.<br><br>Zapraszamy tak\u017ce do korzystania z r\u00f3\u017cnego typu domk\u00f3w, dwu-, trzypokojowych. S\u0105 to domki typu Pilawa, Brda i Miko\u0142ajki, kt\u00f3re \u0142\u0105cznie mog\u0105 pomie\u015bci\u0107 126 go\u015bci naszego o\u015brodka. Wszystkie wyposa\u017cone s\u0105 w odr\u0119bne \u0142azienki i prysznice.<br><br>Na miejscu mo\u017cna wykupi\u0107 ca\u0142odobowe wy\u017cywienie lub domowe obiady.<br><br>Atrakcyjne ceny, przepyszna kuchnia.<\/em><\/p>\n<\/div><\/div>\n\n\n\n<div class=\"wp-block-media-text has-media-on-the-right is-stacked-on-mobile\"><div class=\"wp-block-media-text__content\">\n<p class=\"has-text-align-center\">Zapraszamy do skorzystania z nowej oferty<\/p>\n\n\n\n<p class=\"has-text-align-center\"><em><img loading=\"lazy\" decoding=\"async\" height=\"16\" width=\"16\" src=\"https:\/\/static.xx.fbcdn.net\/images\/emoji.php\/v9\/tbc\/1\/16\/1f30a.png\" alt=\"\ud83c\udf0a\"> Wypo\u017cyczalni Sprz\u0119tu Rekreacyjnego i Sportowego \u2013 Zapraszamy! <img loading=\"lazy\" decoding=\"async\" height=\"16\" width=\"16\" src=\"https:\/\/static.xx.fbcdn.net\/images\/emoji.php\/v9\/tf0\/1\/16\/1f6a3_200d_2642.png\" alt=\"\ud83d\udea3\u200d\u2642\ufe0f\"><img loading=\"lazy\" decoding=\"async\" height=\"16\" width=\"16\" src=\"https:\/\/static.xx.fbcdn.net\/images\/emoji.php\/v9\/t41\/1\/16\/1f6a4.png\" alt=\"\ud83d\udea4\">Chcesz aktywnie sp\u0119dzi\u0107 czas nad wod\u0105? Mamy dla Ciebie idealn\u0105 propozycj\u0119! Skorzystaj z naszej wypo\u017cyczalni sprz\u0119tu wodnego i ciesz si\u0119 relaksem na \u015bwie\u017cym powietrzu.<\/em><\/p>\n\n\n\n<p class=\"has-text-align-center\"><em>Posiadamy w ofercie:<\/em><\/p>\n\n\n\n<p><em><img loading=\"lazy\" decoding=\"async\" height=\"16\" width=\"16\" src=\"https:\/\/static.xx.fbcdn.net\/images\/emoji.php\/v9\/t5d\/1\/16\/26a1.png\" alt=\"\u26a1\ufe0f\"><img loading=\"lazy\" decoding=\"async\" height=\"16\" width=\"16\" src=\"https:\/\/static.xx.fbcdn.net\/images\/emoji.php\/v9\/te0\/1\/16\/1f6b4.png\" alt=\"\ud83d\udeb4\">rowery elektryczne, rowerki wodne, <img loading=\"lazy\" decoding=\"async\" height=\"16\" width=\"16\" src=\"https:\/\/static.xx.fbcdn.net\/images\/emoji.php\/v9\/t5e\/1\/16\/1f6f6.png\" alt=\"\ud83d\udef6\"> kajaki, <img loading=\"lazy\" decoding=\"async\" height=\"16\" width=\"16\" src=\"https:\/\/static.xx.fbcdn.net\/images\/emoji.php\/v9\/t3e\/1\/16\/1f6e5.png\" alt=\"\ud83d\udee5\ufe0f\"> \u0142\u00f3d\u017a w\u0119dkarsk\u0105<\/em><\/p>\n\n\n\n<p class=\"has-text-align-center\"><em>\u015awietna zabawa, pi\u0119kne widoki i niezapomniane chwile \u2013 to wszystko czeka na Ciebie!<\/em><\/p>\n\n\n\n<p class=\"has-text-align-center\"><em>Zadanie zrealizowane w ramach projektu pn. \u201e Utworzenie nowego produktu turystycznego w O\u015brodku Wypoczynkowym w M\u0142yniku &#8211; Henryka Dzieli\u0144ska, wojew\u00f3dztwo warmi\u0144sko &#8211; mazurskie poprzez przygotowanie kompleksowej oferty, skutkuj\u0105cej wyd\u0142u\u017ceniem sezonu turystycznego i otwarcie na nowe grupy odbiorc\u00f3w, z uwzgl\u0119dnieniem wdro\u017cenia rozwi\u0105za\u0144 w zakresie energii ze \u017ar\u00f3de\u0142 odnawialnych\u201d wsparte finansowo z Krajowego Planu Odbudowy i Zwi\u0119kszania Odporno\u015bci, Priorytet Odporno\u015b\u0107 i konkurencyjno\u015b\u0107 gospodarki \u2013 cz\u0119\u015b\u0107 grantowa.<br><br><\/em><\/p>\n<\/div><figure class=\"wp-block-media-text__media\"><img loading=\"lazy\" decoding=\"async\" width=\"1024\" height=\"683\" src=\"https:\/\/mlynik.com.pl\/wp-content\/uploads\/2026\/03\/500518578_122098843508890701_2378989505540220465_n-1024x683.jpg\" alt=\"\" class=\"wp-image-231 size-full\" srcset=\"https:\/\/mlynik.com.pl\/wp-content\/uploads\/2026\/03\/500518578_122098843508890701_2378989505540220465_n-1024x683.jpg 1024w, https:\/\/mlynik.com.pl\/wp-content\/uploads\/2026\/03\/500518578_122098843508890701_2378989505540220465_n-300x200.jpg 300w, https:\/\/mlynik.com.pl\/wp-content\/uploads\/2026\/03\/500518578_122098843508890701_2378989505540220465_n-768x512.jpg 768w, https:\/\/mlynik.com.pl\/wp-content\/uploads\/2026\/03\/500518578_122098843508890701_2378989505540220465_n.jpg 1200w\" sizes=\"(max-width: 1024px) 100vw, 1024px\" \/><\/figure><\/div>\n\n\n\n<div class=\"wp-block-media-text is-stacked-on-mobile\"><figure class=\"wp-block-media-text__media\"><img loading=\"lazy\" decoding=\"async\" width=\"1024\" height=\"768\" src=\"https:\/\/serwer2692059.home.pl\/autoinstalator\/wordpressplugins\/wp-content\/uploads\/2026\/03\/IMG_0348-1024x768.jpg\" alt=\"\" class=\"wp-image-115 size-full\" srcset=\"https:\/\/mlynik.com.pl\/wp-content\/uploads\/2026\/03\/IMG_0348-1024x768.jpg 1024w, https:\/\/mlynik.com.pl\/wp-content\/uploads\/2026\/03\/IMG_0348-300x225.jpg 300w, https:\/\/mlynik.com.pl\/wp-content\/uploads\/2026\/03\/IMG_0348-768x576.jpg 768w, https:\/\/mlynik.com.pl\/wp-content\/uploads\/2026\/03\/IMG_0348-1536x1152.jpg 1536w, https:\/\/mlynik.com.pl\/wp-content\/uploads\/2026\/03\/IMG_0348-2048x1536.jpg 2048w\" sizes=\"(max-width: 1024px) 100vw, 1024px\" \/><\/figure><div class=\"wp-block-media-text__content\">\n<p class=\"has-text-align-center\"><em><strong>Oferty dodatkowo p\u0142atne:<\/strong><br>Quady \u2013 przeja\u017cd\u017cka sprawno\u015bciowa czteroko\u0142owcami na trasach o dw\u00f3ch stopniach trudno\u015bci (tylko u nas oryginalne quady KYMCO!),<br>Zorbing \u2013 przemieszczanie si\u0119 wewn\u0105trz kuli sferycznej,<br>Buggy &#8211; przejedziesz si\u0119 buggiem (rurowcem) \u2013 super pojazdem zawsze gwarantuj\u0105cym dreszczyk emocji,<br>Off-road &#8211; przeprawa samochodem terenowym po niezwykle atrakcyjnym terenie- Mr\u0105gowo<br>Paintball \u2013 fabularyzowana gra taktyczna w maskach ochronnych&nbsp; &#8211; Mr\u0105gowo<br>Zaj\u0119cia linowe \u2013 wej\u015bcie na wie\u017c\u0119 ze skrzynek,<br>Warsztaty strzeleckie &#8211; nauka strzelania z \u0142uku oraz broni pneumatycznej zako\u0144czona zawodami<br><br><\/em><\/p>\n<\/div><\/div>\n","protected":false},"excerpt":{"rendered":"<p>\u2212= O\u015brodek Wypoczynkowy w M\u0142yniku &#8211; H. Dzieli\u0144ska =\u2212 \u2212= 11-731 Sorkwity &#8211; M\u0142ynik 8 =\u2212 tel. : +48 602 462\u00a0412, +48 604 622\u00a0112 Nasz o\u015brodek po\u0142o\u017cony jest po\u015br\u00f3d g\u0119stych i rozleg\u0142ych las\u00f3w, nad jeziorem Giel\u0105dzkim w miejscowo\u015bci M\u0142ynik, 3 km od Sorkwit, oko\u0142o 12 km od Mr\u0105gowa. St\u0105d rozpoczyna si\u0119 jeden z najpi\u0119kniejszych szlak\u00f3w [&hellip;]<\/p>\n","protected":false},"author":1,"featured_media":104,"parent":0,"menu_order":0,"comment_status":"closed","ping_status":"closed","template":"","meta":{"footnotes":""},"class_list":["post-106","page","type-page","status-publish","has-post-thumbnail","hentry"],"yoast_head":"<!-- This site is optimized with the Yoast SEO plugin v27.1.1 - https:\/\/yoast.com\/product\/yoast-seo-wordpress\/ -->\n<title>O nas - O\u015brodek Wypoczynkowy &quot;M\u0142ynik&quot;<\/title>\n<meta name=\"robots\" content=\"index, follow, max-snippet:-1, max-image-preview:large, max-video-preview:-1\" \/>\n<link rel=\"canonical\" href=\"https:\/\/mlynik.com.pl\/?page_id=106\" \/>\n<meta property=\"og:locale\" content=\"pl_PL\" \/>\n<meta property=\"og:type\" content=\"article\" \/>\n<meta property=\"og:title\" content=\"O nas - O\u015brodek Wypoczynkowy &quot;M\u0142ynik&quot;\" \/>\n<meta property=\"og:description\" content=\"\u2212= O\u015brodek Wypoczynkowy w M\u0142yniku &#8211; H. Dzieli\u0144ska =\u2212 \u2212= 11-731 Sorkwity &#8211; M\u0142ynik 8 =\u2212 tel. : +48 602 462\u00a0412, +48 604 622\u00a0112 Nasz o\u015brodek po\u0142o\u017cony jest po\u015br\u00f3d g\u0119stych i rozleg\u0142ych las\u00f3w, nad jeziorem Giel\u0105dzkim w miejscowo\u015bci M\u0142ynik, 3 km od Sorkwit, oko\u0142o 12 km od Mr\u0105gowa. St\u0105d rozpoczyna si\u0119 jeden z najpi\u0119kniejszych szlak\u00f3w [&hellip;]\" \/>\n<meta property=\"og:url\" content=\"https:\/\/mlynik.com.pl\/?page_id=106\" \/>\n<meta property=\"og:site_name\" content=\"O\u015brodek Wypoczynkowy &quot;M\u0142ynik&quot;\" \/>\n<meta property=\"article:publisher\" content=\"https:\/\/www.facebook.com\/people\/Wypoyczalnia-sprztu-rekreacyjnego-i-sportowego\/61576721039623\/\" \/>\n<meta property=\"article:modified_time\" content=\"2026-03-18T11:30:41+00:00\" \/>\n<meta property=\"og:image\" content=\"https:\/\/mlynik.com.pl\/wp-content\/uploads\/2026\/03\/IMG_0022-scaled.jpg\" \/>\n\t<meta property=\"og:image:width\" content=\"2560\" \/>\n\t<meta property=\"og:image:height\" content=\"1920\" \/>\n\t<meta property=\"og:image:type\" content=\"image\/jpeg\" \/>\n<meta name=\"twitter:card\" content=\"summary_large_image\" \/>\n<meta name=\"twitter:label1\" content=\"Szacowany czas czytania\" \/>\n\t<meta name=\"twitter:data1\" content=\"7 minut\" \/>\n<script type=\"application\/ld+json\" class=\"yoast-schema-graph\">{\"@context\":\"https:\/\/schema.org\",\"@graph\":[{\"@type\":\"WebPage\",\"@id\":\"https:\/\/mlynik.com.pl\/?page_id=106\",\"url\":\"https:\/\/mlynik.com.pl\/?page_id=106\",\"name\":\"O nas - O\u015brodek Wypoczynkowy &quot;M\u0142ynik&quot;\",\"isPartOf\":{\"@id\":\"https:\/\/mlynik.com.pl\/#website\"},\"primaryImageOfPage\":{\"@id\":\"https:\/\/mlynik.com.pl\/?page_id=106#primaryimage\"},\"image\":{\"@id\":\"https:\/\/mlynik.com.pl\/?page_id=106#primaryimage\"},\"thumbnailUrl\":\"https:\/\/mlynik.com.pl\/wp-content\/uploads\/2026\/03\/IMG_0022-scaled.jpg\",\"datePublished\":\"2026-03-10T21:08:35+00:00\",\"dateModified\":\"2026-03-18T11:30:41+00:00\",\"breadcrumb\":{\"@id\":\"https:\/\/mlynik.com.pl\/?page_id=106#breadcrumb\"},\"inLanguage\":\"pl-PL\",\"potentialAction\":[{\"@type\":\"ReadAction\",\"target\":[\"https:\/\/mlynik.com.pl\/?page_id=106\"]}]},{\"@type\":\"ImageObject\",\"inLanguage\":\"pl-PL\",\"@id\":\"https:\/\/mlynik.com.pl\/?page_id=106#primaryimage\",\"url\":\"https:\/\/mlynik.com.pl\/wp-content\/uploads\/2026\/03\/IMG_0022-scaled.jpg\",\"contentUrl\":\"https:\/\/mlynik.com.pl\/wp-content\/uploads\/2026\/03\/IMG_0022-scaled.jpg\",\"width\":2560,\"height\":1920},{\"@type\":\"BreadcrumbList\",\"@id\":\"https:\/\/mlynik.com.pl\/?page_id=106#breadcrumb\",\"itemListElement\":[{\"@type\":\"ListItem\",\"position\":1,\"name\":\"Home\",\"item\":\"https:\/\/mlynik.com.pl\/\"},{\"@type\":\"ListItem\",\"position\":2,\"name\":\"O nas\"}]},{\"@type\":\"WebSite\",\"@id\":\"https:\/\/mlynik.com.pl\/#website\",\"url\":\"https:\/\/mlynik.com.pl\/\",\"name\":\"O\u015brodek Wypoczynkowy M\u0142ynik\",\"description\":\"O\u015brodek Wypoczynkowy M\u0142ynik\",\"publisher\":{\"@id\":\"https:\/\/mlynik.com.pl\/#organization\"},\"potentialAction\":[{\"@type\":\"SearchAction\",\"target\":{\"@type\":\"EntryPoint\",\"urlTemplate\":\"https:\/\/mlynik.com.pl\/?s={search_term_string}\"},\"query-input\":{\"@type\":\"PropertyValueSpecification\",\"valueRequired\":true,\"valueName\":\"search_term_string\"}}],\"inLanguage\":\"pl-PL\"},{\"@type\":\"Organization\",\"@id\":\"https:\/\/mlynik.com.pl\/#organization\",\"name\":\"O\u015brodek Wypoczynkowy \\\"M\u0142ynik\\\"\",\"url\":\"https:\/\/mlynik.com.pl\/\",\"logo\":{\"@type\":\"ImageObject\",\"inLanguage\":\"pl-PL\",\"@id\":\"https:\/\/mlynik.com.pl\/#\/schema\/logo\/image\/\",\"url\":\"https:\/\/mlynik.com.pl\/wp-content\/uploads\/2026\/03\/cropped-mly1.jpg\",\"contentUrl\":\"https:\/\/mlynik.com.pl\/wp-content\/uploads\/2026\/03\/cropped-mly1.jpg\",\"width\":1920,\"height\":843,\"caption\":\"O\u015brodek Wypoczynkowy \\\"M\u0142ynik\\\"\"},\"image\":{\"@id\":\"https:\/\/mlynik.com.pl\/#\/schema\/logo\/image\/\"},\"sameAs\":[\"https:\/\/www.facebook.com\/people\/Wypoyczalnia-sprztu-rekreacyjnego-i-sportowego\/61576721039623\/\"]}]}<\/script>\n<!-- \/ Yoast SEO plugin. -->","yoast_head_json":{"title":"O nas - O\u015brodek Wypoczynkowy &quot;M\u0142ynik&quot;","robots":{"index":"index","follow":"follow","max-snippet":"max-snippet:-1","max-image-preview":"max-image-preview:large","max-video-preview":"max-video-preview:-1"},"canonical":"https:\/\/mlynik.com.pl\/?page_id=106","og_locale":"pl_PL","og_type":"article","og_title":"O nas - O\u015brodek Wypoczynkowy &quot;M\u0142ynik&quot;","og_description":"\u2212= O\u015brodek Wypoczynkowy w M\u0142yniku &#8211; H. Dzieli\u0144ska =\u2212 \u2212= 11-731 Sorkwity &#8211; M\u0142ynik 8 =\u2212 tel. : +48 602 462\u00a0412, +48 604 622\u00a0112 Nasz o\u015brodek po\u0142o\u017cony jest po\u015br\u00f3d g\u0119stych i rozleg\u0142ych las\u00f3w, nad jeziorem Giel\u0105dzkim w miejscowo\u015bci M\u0142ynik, 3 km od Sorkwit, oko\u0142o 12 km od Mr\u0105gowa. St\u0105d rozpoczyna si\u0119 jeden z najpi\u0119kniejszych szlak\u00f3w [&hellip;]","og_url":"https:\/\/mlynik.com.pl\/?page_id=106","og_site_name":"O\u015brodek Wypoczynkowy &quot;M\u0142ynik&quot;","article_publisher":"https:\/\/www.facebook.com\/people\/Wypoyczalnia-sprztu-rekreacyjnego-i-sportowego\/61576721039623\/","article_modified_time":"2026-03-18T11:30:41+00:00","og_image":[{"width":2560,"height":1920,"url":"https:\/\/mlynik.com.pl\/wp-content\/uploads\/2026\/03\/IMG_0022-scaled.jpg","type":"image\/jpeg"}],"twitter_card":"summary_large_image","twitter_misc":{"Szacowany czas czytania":"7 minut"},"schema":{"@context":"https:\/\/schema.org","@graph":[{"@type":"WebPage","@id":"https:\/\/mlynik.com.pl\/?page_id=106","url":"https:\/\/mlynik.com.pl\/?page_id=106","name":"O nas - O\u015brodek Wypoczynkowy &quot;M\u0142ynik&quot;","isPartOf":{"@id":"https:\/\/mlynik.com.pl\/#website"},"primaryImageOfPage":{"@id":"https:\/\/mlynik.com.pl\/?page_id=106#primaryimage"},"image":{"@id":"https:\/\/mlynik.com.pl\/?page_id=106#primaryimage"},"thumbnailUrl":"https:\/\/mlynik.com.pl\/wp-content\/uploads\/2026\/03\/IMG_0022-scaled.jpg","datePublished":"2026-03-10T21:08:35+00:00","dateModified":"2026-03-18T11:30:41+00:00","breadcrumb":{"@id":"https:\/\/mlynik.com.pl\/?page_id=106#breadcrumb"},"inLanguage":"pl-PL","potentialAction":[{"@type":"ReadAction","target":["https:\/\/mlynik.com.pl\/?page_id=106"]}]},{"@type":"ImageObject","inLanguage":"pl-PL","@id":"https:\/\/mlynik.com.pl\/?page_id=106#primaryimage","url":"https:\/\/mlynik.com.pl\/wp-content\/uploads\/2026\/03\/IMG_0022-scaled.jpg","contentUrl":"https:\/\/mlynik.com.pl\/wp-content\/uploads\/2026\/03\/IMG_0022-scaled.jpg","width":2560,"height":1920},{"@type":"BreadcrumbList","@id":"https:\/\/mlynik.com.pl\/?page_id=106#breadcrumb","itemListElement":[{"@type":"ListItem","position":1,"name":"Home","item":"https:\/\/mlynik.com.pl\/"},{"@type":"ListItem","position":2,"name":"O nas"}]},{"@type":"WebSite","@id":"https:\/\/mlynik.com.pl\/#website","url":"https:\/\/mlynik.com.pl\/","name":"O\u015brodek Wypoczynkowy M\u0142ynik","description":"O\u015brodek Wypoczynkowy M\u0142ynik","publisher":{"@id":"https:\/\/mlynik.com.pl\/#organization"},"potentialAction":[{"@type":"SearchAction","target":{"@type":"EntryPoint","urlTemplate":"https:\/\/mlynik.com.pl\/?s={search_term_string}"},"query-input":{"@type":"PropertyValueSpecification","valueRequired":true,"valueName":"search_term_string"}}],"inLanguage":"pl-PL"},{"@type":"Organization","@id":"https:\/\/mlynik.com.pl\/#organization","name":"O\u015brodek Wypoczynkowy \"M\u0142ynik\"","url":"https:\/\/mlynik.com.pl\/","logo":{"@type":"ImageObject","inLanguage":"pl-PL","@id":"https:\/\/mlynik.com.pl\/#\/schema\/logo\/image\/","url":"https:\/\/mlynik.com.pl\/wp-content\/uploads\/2026\/03\/cropped-mly1.jpg","contentUrl":"https:\/\/mlynik.com.pl\/wp-content\/uploads\/2026\/03\/cropped-mly1.jpg","width":1920,"height":843,"caption":"O\u015brodek Wypoczynkowy \"M\u0142ynik\""},"image":{"@id":"https:\/\/mlynik.com.pl\/#\/schema\/logo\/image\/"},"sameAs":["https:\/\/www.facebook.com\/people\/Wypoyczalnia-sprztu-rekreacyjnego-i-sportowego\/61576721039623\/"]}]}},"_links":{"self":[{"href":"https:\/\/mlynik.com.pl\/index.php?rest_route=\/wp\/v2\/pages\/106","targetHints":{"allow":["GET"]}}],"collection":[{"href":"https:\/\/mlynik.com.pl\/index.php?rest_route=\/wp\/v2\/pages"}],"about":[{"href":"https:\/\/mlynik.com.pl\/index.php?rest_route=\/wp\/v2\/types\/page"}],"author":[{"embeddable":true,"href":"https:\/\/mlynik.com.pl\/index.php?rest_route=\/wp\/v2\/users\/1"}],"replies":[{"embeddable":true,"href":"https:\/\/mlynik.com.pl\/index.php?rest_route=%2Fwp%2Fv2%2Fcomments&post=106"}],"version-history":[{"count":10,"href":"https:\/\/mlynik.com.pl\/index.php?rest_route=\/wp\/v2\/pages\/106\/revisions"}],"predecessor-version":[{"id":238,"href":"https:\/\/mlynik.com.pl\/index.php?rest_route=\/wp\/v2\/pages\/106\/revisions\/238"}],"wp:featuredmedia":[{"embeddable":true,"href":"https:\/\/mlynik.com.pl\/index.php?rest_route=\/wp\/v2\/media\/104"}],"wp:attachment":[{"href":"https:\/\/mlynik.com.pl\/index.php?rest_route=%2Fwp%2Fv2%2Fmedia&parent=106"}],"curies":[{"name":"wp","href":"https:\/\/api.w.org\/{rel}","templated":true}]}}